{"id":1021,"date":"2023-06-27T21:38:05","date_gmt":"2023-06-28T00:38:05","guid":{"rendered":"https:\/\/stage.machineslikeme.com\/?page_id=1021"},"modified":"2025-06-03T14:45:19","modified_gmt":"2025-06-03T12:45:19","slug":"consulting","status":"publish","type":"page","link":"https:\/\/machineslikeme.com\/sv\/consulting\/","title":{"rendered":"consulting"},"content":{"rendered":"<div data-elementor-type=\"wp-page\" data-elementor-id=\"1021\" class=\"elementor elementor-1021\" data-elementor-post-type=\"page\">\n\t\t\t\t\t\t\t<div class=\"elementor-element elementor-element-3f12a84 elementor-hidden-desktop elementor-hidden-tablet elementor-hidden-mobile e-flex e-con-boxed e-con\" data-id=\"3f12a84\" data-element_type=\"container\" data-settings=\"{&quot;content_width&quot;:&quot;boxed&quot;}\">\n\t\t\t\t\t<div class=\"e-con-inner\">\n\t\t<div class=\"elementor-element elementor-element-b11a989 e-con-full e-flex e-con\" data-id=\"b11a989\" data-element_type=\"container\" data-settings=\"{&quot;content_width&quot;:&quot;full&quot;,&quot;sticky&quot;:&quot;bottom&quot;,&quot;animation&quot;:&quot;none&quot;,&quot;sticky_on&quot;:[&quot;desktop&quot;,&quot;tablet&quot;,&quot;mobile&quot;],&quot;sticky_offset&quot;:0,&quot;sticky_effects_offset&quot;:0}\">\n\t\t<div class=\"elementor-element elementor-element-9d9b54d e-con-full e-flex e-con\" data-id=\"9d9b54d\" data-element_type=\"container\" data-settings=\"{&quot;content_width&quot;:&quot;full&quot;,&quot;background_background&quot;:&quot;classic&quot;}\">\n\t\t\t\t<div class=\"elementor-element elementor-element-dd8fdc9 elementor-widget elementor-widget-heading\" data-id=\"dd8fdc9\" data-element_type=\"widget\" data-widget_type=\"heading.default\">\n\t\t\t\t<div class=\"elementor-widget-container\">\n\t\t\t<style>\/*! elementor - v3.15.0 - 20-08-2023 *\/\n.elementor-heading-title{padding:0;margin:0;line-height:1}.elementor-widget-heading .elementor-heading-title[class*=elementor-size-]>a{color:inherit;font-size:inherit;line-height:inherit}.elementor-widget-heading .elementor-heading-title.elementor-size-small{font-size:15px}.elementor-widget-heading .elementor-heading-title.elementor-size-medium{font-size:19px}.elementor-widget-heading .elementor-heading-title.elementor-size-large{font-size:29px}.elementor-widget-heading .elementor-heading-title.elementor-size-xl{font-size:39px}.elementor-widget-heading .elementor-heading-title.elementor-size-xxl{font-size:59px}<\/style><h4 class=\"elementor-heading-title elementor-size-default\">United Kingdom<\/h4>\t\t<\/div>\n\t\t\t\t<\/div>\n\t\t\t\t<div class=\"elementor-element elementor-element-e13a204 elementor-widget__width-initial elementor-widget-mobile__width-inherit elementor-widget elementor-widget-image\" data-id=\"e13a204\" data-element_type=\"widget\" data-widget_type=\"image.default\">\n\t\t\t\t<div class=\"elementor-widget-container\">\n\t\t\t<style>\/*! elementor - v3.15.0 - 20-08-2023 *\/\n.elementor-widget-image{text-align:center}.elementor-widget-image a{display:inline-block}.elementor-widget-image a img[src$=\".svg\"]{width:48px}.elementor-widget-image img{vertical-align:middle;display:inline-block}<\/style>\t\t\t\t\t\t\t\t\t\t\t\t\t<a href=\"#hubspot_christopher\">\n\t\t\t\t\t\t\t<img decoding=\"async\" width=\"439\" height=\"439\" src=\"https:\/\/machineslikeme.com\/wp-content\/uploads\/2023\/06\/MLM_Portrait-1-1.png\" class=\"attachment-full size-full wp-image-787\" alt=\"\" loading=\"lazy\" srcset=\"https:\/\/machineslikeme.com\/wp-content\/uploads\/2023\/06\/MLM_Portrait-1-1.png 439w, https:\/\/machineslikeme.com\/wp-content\/uploads\/2023\/06\/MLM_Portrait-1-1-300x300.png 300w, https:\/\/machineslikeme.com\/wp-content\/uploads\/2023\/06\/MLM_Portrait-1-1-150x150.png 150w\" sizes=\"(max-width: 439px) 100vw, 439px\" \/>\t\t\t\t\t\t\t\t<\/a>\n\t\t\t\t\t\t\t\t\t\t\t\t\t\t\t<\/div>\n\t\t\t\t<\/div>\n\t\t\t\t<\/div>\n\t\t<div class=\"elementor-element elementor-element-8bba601 e-con-full e-flex e-con\" data-id=\"8bba601\" data-element_type=\"container\" data-settings=\"{&quot;content_width&quot;:&quot;full&quot;}\">\n\t\t\t\t<div class=\"elementor-element elementor-element-2d9aa29 elementor-widget elementor-widget-heading\" data-id=\"2d9aa29\" data-element_type=\"widget\" data-widget_type=\"heading.default\">\n\t\t\t\t<div class=\"elementor-widget-container\">\n\t\t\t<h4 class=\"elementor-heading-title elementor-size-default\">United States<\/h4>\t\t<\/div>\n\t\t\t\t<\/div>\n\t\t\t\t<div class=\"elementor-element elementor-element-3e19516 elementor-widget__width-initial elementor-widget-mobile__width-inherit elementor-widget elementor-widget-image\" data-id=\"3e19516\" data-element_type=\"widget\" data-widget_type=\"image.default\">\n\t\t\t\t<div class=\"elementor-widget-container\">\n\t\t\t\t\t\t\t\t\t\t\t\t\t\t\t\t<a href=\"#hubspot_haley\">\n\t\t\t\t\t\t\t<img decoding=\"async\" width=\"361\" height=\"361\" src=\"https:\/\/machineslikeme.com\/wp-content\/uploads\/2024\/03\/Haley-Kampschnieder-JPEG-361-x-361-px-2024.03.05-1.jpg\" class=\"attachment-full size-full wp-image-12555\" alt=\"\" loading=\"lazy\" srcset=\"https:\/\/machineslikeme.com\/wp-content\/uploads\/2024\/03\/Haley-Kampschnieder-JPEG-361-x-361-px-2024.03.05-1.jpg 361w, https:\/\/machineslikeme.com\/wp-content\/uploads\/2024\/03\/Haley-Kampschnieder-JPEG-361-x-361-px-2024.03.05-1-300x300.jpg 300w, https:\/\/machineslikeme.com\/wp-content\/uploads\/2024\/03\/Haley-Kampschnieder-JPEG-361-x-361-px-2024.03.05-1-150x150.jpg 150w, https:\/\/machineslikeme.com\/wp-content\/uploads\/2024\/03\/Haley-Kampschnieder-JPEG-361-x-361-px-2024.03.05-1-12x12.jpg 12w\" sizes=\"(max-width: 361px) 100vw, 361px\" \/>\t\t\t\t\t\t\t\t<\/a>\n\t\t\t\t\t\t\t\t\t\t\t\t\t\t\t<\/div>\n\t\t\t\t<\/div>\n\t\t\t\t<\/div>\n\t\t\t\t<\/div>\n\t\t<div class=\"elementor-element elementor-element-68d73bc e-con-full e-flex e-con\" data-id=\"68d73bc\" data-element_type=\"container\" data-settings=\"{&quot;content_width&quot;:&quot;full&quot;}\">\n\t\t\t\t<div class=\"elementor-element elementor-element-b48fad9 elementor-widget__width-initial elementor-widget elementor-widget-html\" data-id=\"b48fad9\" data-element_type=\"widget\" id=\"hubspot_christopher\" data-widget_type=\"html.default\">\n\t\t\t\t<div class=\"elementor-widget-container\">\n\t\t\t<!-- Start of Meetings Embed Script -->\n    <div class=\"meetings-iframe-container\" data-src=\"https:\/\/meetings-eu1.hubspot.com\/christopher5?embed=true\"><\/div>\n    <script type=\"text\/javascript\" src=\"https:\/\/static.hsappstatic.net\/MeetingsEmbed\/ex\/MeetingsEmbedCode.js\"><\/script>\n  <!-- End of Meetings Embed Script -->\n\t\t<\/div>\n\t\t\t\t<\/div>\n\t\t\t\t<div class=\"elementor-element elementor-element-1d6ebce elementor-widget__width-initial elementor-widget elementor-widget-html\" data-id=\"1d6ebce\" data-element_type=\"widget\" id=\"hubspot_haley\" data-widget_type=\"html.default\">\n\t\t\t\t<div class=\"elementor-widget-container\">\n\t\t\t<!-- Start of Meetings Embed Script -->\n    <div class=\"meetings-iframe-container\" data-src=\"https:\/\/meetings-eu1.hubspot.com\/haley-kampschnieder?embed=true\"><\/div>\n    <script type=\"text\/javascript\" src=\"https:\/\/static.hsappstatic.net\/MeetingsEmbed\/ex\/MeetingsEmbedCode.js\"><\/script>\n  <!-- End of Meetings Embed Script -->\n\n\t\t<\/div>\n\t\t\t\t<\/div>\n\t\t\t\t<\/div>\n\t\t\t\t\t<\/div>\n\t\t\t\t<\/div>\n\t\t<div class=\"elementor-element elementor-element-8408a28 e-flex e-con-boxed e-con\" data-id=\"8408a28\" data-element_type=\"container\" data-settings=\"{&quot;content_width&quot;:&quot;boxed&quot;}\" data-no-translation=\"\">\n\t\t\t\t\t<div class=\"e-con-inner\">\n\t\t<div class=\"elementor-element elementor-element-99268b8 e-con-full elementor-hidden-tablet elementor-hidden-mobile elementor-hidden-desktop e-flex e-con\" data-id=\"99268b8\" data-element_type=\"container\" data-settings=\"{&quot;content_width&quot;:&quot;full&quot;,&quot;background_background&quot;:&quot;classic&quot;}\">\n\t\t\t\t<div class=\"elementor-element elementor-element-3217ae1 elementor-widget__width-auto elementor-mobile-align-right elementor-hidden-mobile elementor-widget elementor-widget-button\" data-id=\"3217ae1\" data-element_type=\"widget\" data-widget_type=\"button.default\">\n\t\t\t\t<div class=\"elementor-widget-container\">\n\t\t\t\t\t<div class=\"elementor-button-wrapper\">\n\t\t\t<a class=\"elementor-button elementor-button-link elementor-size-xs\" href=\"\/consulting-new-option\/\">\n\t\t\t\t\t\t<span class=\"elementor-button-content-wrapper\">\n\t\t\t\t\t\t<span class=\"elementor-button-text\">V\u00e4lj den b\u00e4sta f\u00f6r dig<\/span>\n\t\t<\/span>\n\t\t\t\t\t<\/a>\n\t\t<\/div>\n\t\t\t\t<\/div>\n\t\t\t\t<\/div>\n\t\t\t\t<div class=\"elementor-element elementor-element-10b7f37 elementor-widget-mobile__width-initial elementor-align-left elementor-list-item-link-full_width elementor-widget elementor-widget-icon-list\" data-id=\"10b7f37\" data-element_type=\"widget\" data-widget_type=\"icon-list.default\">\n\t\t\t\t<div class=\"elementor-widget-container\">\n\t\t\t\t\t<ul class=\"elementor-icon-list-items\">\n\t\t\t\t\t\t\t<li class=\"elementor-icon-list-item\">\n\t\t\t\t\t\t\t\t\t\t<span class=\"elementor-icon-list-text\">Se andra kalendrar<\/span>\n\t\t\t\t\t\t\t\t\t<\/li>\n\t\t\t\t\t\t<\/ul>\n\t\t\t\t<\/div>\n\t\t\t\t<\/div>\n\t\t\t\t<div class=\"elementor-element elementor-element-abda711 elementor-widget-mobile__width-initial elementor-align-left elementor-icon-list--layout-traditional elementor-list-item-link-full_width elementor-widget elementor-widget-icon-list\" data-id=\"abda711\" data-element_type=\"widget\" data-widget_type=\"icon-list.default\">\n\t\t\t\t<div class=\"elementor-widget-container\">\n\t\t\t\t\t<ul class=\"elementor-icon-list-items\">\n\t\t\t\t\t\t\t<li class=\"elementor-icon-list-item\">\n\t\t\t\t\t\t\t\t\t\t\t<span class=\"elementor-icon-list-icon\">\n\t\t\t\t\t\t\t<svg xmlns=\"http:\/\/www.w3.org\/2000\/svg\" id=\"Camada_2\" viewbox=\"0 0 17.54 11.92\"><g id=\"Camada_1-2\"><path d=\"m1,6.01h15.16\" style=\"fill:none; stroke:#0031ff; stroke-linecap:round; stroke-miterlimit:10; stroke-width:2px;\"><\/path><path d=\"m11.53,1l5.01,5.01-4.91,4.91\" style=\"fill:none; stroke:#0031ff; stroke-linecap:round; stroke-linejoin:round; stroke-width:2px;\"><\/path><\/g><\/svg>\t\t\t\t\t\t<\/span>\n\t\t\t\t\t\t\t\t\t\t<span class=\"elementor-icon-list-text\"><\/span>\n\t\t\t\t\t\t\t\t\t<\/li>\n\t\t\t\t\t\t<\/ul>\n\t\t\t\t<\/div>\n\t\t\t\t<\/div>\n\t\t\t\t<\/div>\n\t\t\t\t<div class=\"elementor-element elementor-element-9b3f962 elementor-widget elementor-widget-html\" data-id=\"9b3f962\" data-element_type=\"widget\" data-widget_type=\"html.default\">\n\t\t\t\t<div class=\"elementor-widget-container\">\n\t\t\t<!-- Start of Meetings Embed Script -->\n    <div class=\"meetings-iframe-container\" data-src=\"https:\/\/meetings-eu1.hubspot.com\/caroline-ortmark?embed=true\"><\/div>\n    <script type=\"text\/javascript\" src=\"https:\/\/static.hsappstatic.net\/MeetingsEmbed\/ex\/MeetingsEmbedCode.js\"><\/script>\n  <!-- End of Meetings Embed Script -->\n\t\t<\/div>\n\t\t\t\t<\/div>\n\t\t\t\t\t<\/div>\n\t\t\t\t<\/div>\n\t\t\t\t\t\t\t<\/div>","protected":false},"excerpt":{"rendered":"<p>United Kingdom United States Choose the Best Fit for You View other Calendars V\u00e4lj den b\u00e4sta f\u00f6r dig Se andra kalendrar W\u00e4hlen Sie die beste Option f\u00fcr Sie Andere Kalender anzeigen Choose the Best Fit for You View other Calendars Choose the Best Fit for You View other Calendars Choose the Best Fit for You [&hellip;]<\/p>","protected":false},"author":1,"featured_media":0,"parent":0,"menu_order":0,"comment_status":"closed","ping_status":"closed","template":"elementor_header_footer","meta":{"content-type":""},"_links":{"self":[{"href":"https:\/\/machineslikeme.com\/sv\/wp-json\/wp\/v2\/pages\/1021"}],"collection":[{"href":"https:\/\/machineslikeme.com\/sv\/wp-json\/wp\/v2\/pages"}],"about":[{"href":"https:\/\/machineslikeme.com\/sv\/wp-json\/wp\/v2\/types\/page"}],"author":[{"embeddable":true,"href":"https:\/\/machineslikeme.com\/sv\/wp-json\/wp\/v2\/users\/1"}],"replies":[{"embeddable":true,"href":"https:\/\/machineslikeme.com\/sv\/wp-json\/wp\/v2\/comments?post=1021"}],"version-history":[{"count":285,"href":"https:\/\/machineslikeme.com\/sv\/wp-json\/wp\/v2\/pages\/1021\/revisions"}],"predecessor-version":[{"id":16053,"href":"https:\/\/machineslikeme.com\/sv\/wp-json\/wp\/v2\/pages\/1021\/revisions\/16053"}],"wp:attachment":[{"href":"https:\/\/machineslikeme.com\/sv\/wp-json\/wp\/v2\/media?parent=1021"}],"curies":[{"name":"wp","href":"https:\/\/api.w.org\/{rel}","templated":true}]}}