{"id":1240,"date":"2023-06-30T14:58:41","date_gmt":"2023-06-30T17:58:41","guid":{"rendered":"https:\/\/stage.machineslikeme.com\/cookie-policy-eu\/"},"modified":"2023-06-30T15:01:14","modified_gmt":"2023-06-30T18:01:14","slug":"cookie-policy-eu","status":"publish","type":"page","link":"https:\/\/machineslikeme.com\/sv\/cookie-policy-eu\/","title":{"rendered":"Cookiepolicy (EU)"},"content":{"rendered":"<!-- Legal document generated by Complianz | GDPR\/CCPA Cookie Consent https:\/\/wordpress.org\/plugins\/complianz-gdpr -->\n<div id=\"cmplz-document\" class=\"cmplz-document cookie-statement cmplz-document-eu\"><p><i>This Cookie Policy was last updated on 30\/06\/2023 and applies to citizens and legal permanent residents of the European Economic Area and Switzerland.<\/i><br><\/p><h2>1. Introduktion<\/h2><p>V\u00e5r webbplats, <a href=\"https:\/\/machineslikeme.com\/sv\">https:\/\/machineslikeme.com\/sv<\/a> (h\u00e4danefter: \"webbplatsen\") anv\u00e4nder cookies och andra relaterade teknologier (f\u00f6r enkelhets skull kallas all teknologi f\u00f6r \"cookies\"). Cookies placeras \u00e4ven av tredje part som vi har anlitat. I dokumentet nedan informerar vi dig om anv\u00e4ndningen av cookies p\u00e5 v\u00e5r webbplats.<\/p><h2>2. Vad \u00e4r cookies?<\/h2><p>En cookie \u00e4r en liten enkel fil som skickas tillsammans med sidor p\u00e5 denna webbplats och lagras av din webbl\u00e4sare p\u00e5 din dators eller annan enhets h\u00e5rddisk. Informationen som lagras d\u00e4ri kan returneras till v\u00e5ra servrar eller till relevanta tredje parters servrar under ett efterf\u00f6ljande bes\u00f6k.<\/p><h2>3. Vad \u00e4r skript?<\/h2><p>Ett script \u00e4r ett stycke programkod som anv\u00e4nds f\u00f6r att v\u00e5r webbplats ska fungera korrekt och interaktivt. Denna kod k\u00f6rs p\u00e5 v\u00e5r server eller p\u00e5 din enhet.<\/p><h2>4. Vad \u00e4r en webbfyr?<\/h2><p>En webbfyr (eller en pixeltagg) \u00e4r en liten, osynlig bit text eller bild p\u00e5 en webbplats som anv\u00e4nds f\u00f6r att \u00f6vervaka trafiken p\u00e5 en webbplats. F\u00f6r att g\u00f6ra detta lagras olika data om dig med hj\u00e4lp av webbfyrar.<\/p><h2>5. Cookies<\/h2><p class=\"cmplz-subtitle\">5.1 Tekniska eller funktionella cookies<\/p><p>Vissa cookies s\u00e4kerst\u00e4ller att vissa delar av webbplatsen fungerar korrekt och att dina anv\u00e4ndarpreferenser f\u00f6rblir k\u00e4nda. Genom att placera funktionella cookies g\u00f6r vi det enklare f\u00f6r dig att bes\u00f6ka v\u00e5r webbplats. P\u00e5 s\u00e5 s\u00e4tt beh\u00f6ver du inte upprepade g\u00e5nger ange samma information n\u00e4r du bes\u00f6ker v\u00e5r hemsida och till exempel ligger varorna kvar i din varukorg tills du har betalat. Vi kan komma att placera dessa cookies utan ditt samtycke.<\/p><p class=\"cmplz-subtitle\">5.2 Annonscookies<\/p><p>P\u00e5 denna webbplats anv\u00e4nder vi reklamcookies, vilket g\u00f6r det m\u00f6jligt f\u00f6r oss att anpassa annonserna \u00e5t dig, och vi (och tredje part) f\u00e5r insikter i kampanjens resultat. Detta sker baserat p\u00e5 en profil vi skapar baserat p\u00e5 ditt klick och surfning p\u00e5 och utanf\u00f6r <a href=\"https:\/\/machineslikeme.com\/sv\">https:\/\/machineslikeme.com\/sv<\/a>Med dessa cookies \u00e4r du som webbplatsbes\u00f6kare l\u00e4nkad till ett unikt ID, s\u00e5 att du till exempel inte ser samma annons mer \u00e4n en g\u00e5ng.<\/p><p class=\"cmplz-subtitle\">5.3 Marknadsf\u00f6rings-\/sp\u00e5rningscookies<\/p><p>Marknadsf\u00f6rings-\/sp\u00e5rningscookies \u00e4r cookies eller n\u00e5gon annan form av lokal lagring, som anv\u00e4nds f\u00f6r att skapa anv\u00e4ndarprofiler f\u00f6r att visa reklam eller f\u00f6r att sp\u00e5ra anv\u00e4ndaren p\u00e5 denna webbplats eller p\u00e5 flera webbplatser f\u00f6r liknande marknadsf\u00f6rings\u00e4ndam\u00e5l.<\/p><p>Eftersom dessa cookies \u00e4r markerade som sp\u00e5rningscookies ber vi dig om till\u00e5telse att placera dessa.<\/p><p class=\"cmplz-subtitle\">5.4 Sociala medier<\/p><p>P\u00e5 v\u00e5r webbplats har vi inkluderat inneh\u00e5ll fr\u00e5n Facebook f\u00f6r att marknadsf\u00f6ra webbsidor (t.ex. \"gilla\", \"stifta\") eller dela (t.ex. \"tweet\") p\u00e5 sociala n\u00e4tverk som Facebook. Detta inneh\u00e5ll \u00e4r inb\u00e4ddat med kod som h\u00e4rr\u00f6r fr\u00e5n Facebook och placerar cookies. Detta inneh\u00e5ll kan lagra och bearbeta viss information f\u00f6r personlig reklam.<\/p><p>L\u00e4s integritetspolicyn f\u00f6r dessa sociala n\u00e4tverk (som kan \u00e4ndras regelbundet) f\u00f6r att l\u00e4sa vad de g\u00f6r med dina (personliga) uppgifter som de behandlar med hj\u00e4lp av dessa cookies. Uppgifterna som h\u00e4mtas anonymiseras s\u00e5 mycket som m\u00f6jligt. Facebook finns i USA.<\/p><h2>6. Placerade cookies<\/h2><div id=\"cmplz-cookies-overview\"><details class=\"cmplz-dropdown cmplz-service-desc cmplz-dropdown-cookiepolicy\">\n\t<summary class=\"cmplz-service-header\"><div>\n\t\t<h3>Elementor<\/h3>\n\t\t<p>Purpose pending investigation<\/p>\n\t\t<label for=\"cmplz_service_elementor\" class=\"cmplz_consent_per_service_label\"><span class=\"screen-reader-text\">Consent to service elementor<\/span><\/label>\n\t\t<input type=\"checkbox\" id=\"cmplz_service_elementor\" class=\"cmplz-accept-service cmplz-hidden\" data-service=\"elementor\" data-category=\"functional\"><\/div>\n\t<\/summary>\n\t<div class=\"cmplz-service-description\">\n\t\t<h4>Usage<\/h4>\n\t\t<p><\/p>\n\t<\/div>\n\t<div class=\"cmplz-sharing-data\">\n\t\t<h4>Sharing data<\/h4>\n\t\t<p>This data is not shared with third parties.<\/p>\n\t<\/div>\n\t<div class=\"cookies-per-purpose\">\n    <div class=\"purpose\"><h4>Purpose pending investigation<\/h4><\/div>\n    <div class=\"name-header\">\n\t<h5>Name<\/h5>\n<\/div>\n<div class=\"name\"><a target=\"_blank\" rel=\"noopener noreferrer nofollow\" href=\"https:\/\/cookiedatabase.org\/cookie\/unknown-service\/elementor\/\">elementor<\/a><\/div>\n<div class=\"retention-header\">\n\t<h5>Expiration<\/h5>\n<\/div>\n<div class=\"retention\"><\/div>\n<div class=\"function-header\">\n\t<h5>Function<\/h5>\n<\/div>\n<div class=\"function\"><\/div>\n\n<\/div>\n<\/details>\n<details class=\"cmplz-dropdown cmplz-service-desc cmplz-dropdown-cookiepolicy\">\n\t<summary class=\"cmplz-service-header\"><div>\n\t\t<h3>Miscellaneous<\/h3>\n\t\t<p>Purpose pending investigation<\/p>\n\t\t<label for=\"cmplz_service_miscellaneous\" class=\"cmplz_consent_per_service_label\"><span class=\"screen-reader-text\">Consent to service miscellaneous<\/span><\/label>\n\t\t<input type=\"checkbox\" id=\"cmplz_service_miscellaneous\" class=\"cmplz-accept-service cmplz-hidden\" data-service=\"miscellaneous\" data-category=\"functional\"><\/div>\n\t<\/summary>\n\t<div class=\"cmplz-service-description\">\n\t\t<h4>Usage<\/h4>\n\t\t<p><\/p>\n\t<\/div>\n\t<div class=\"cmplz-sharing-data\">\n\t\t<h4>Sharing data<\/h4>\n\t\t<p>Sharing of data is pending investigation<\/p>\n\t<\/div>\n\t<div class=\"cookies-per-purpose\">\n    <div class=\"purpose\"><h4>Purpose pending investigation<\/h4><\/div>\n    <div class=\"name-header\">\n\t<h5>Name<\/h5>\n<\/div>\n<div class=\"name\">e_kit-elements-defaults<\/div>\n<div class=\"retention-header\">\n\t<h5>Expiration<\/h5>\n<\/div>\n<div class=\"retention\"><\/div>\n<div class=\"function-header\">\n\t<h5>Function<\/h5>\n<\/div>\n<div class=\"function\"><\/div>\n<div class=\"name-header\">\n\t<h5>Name<\/h5>\n<\/div>\n<div class=\"name\">leadin_third_party_cookies<\/div>\n<div class=\"retention-header\">\n\t<h5>Expiration<\/h5>\n<\/div>\n<div class=\"retention\"><\/div>\n<div class=\"function-header\">\n\t<h5>Function<\/h5>\n<\/div>\n<div class=\"function\"><\/div>\n<div class=\"name-header\">\n\t<h5>Name<\/h5>\n<\/div>\n<div class=\"name\">_ga<\/div>\n<div class=\"retention-header\">\n\t<h5>Expiration<\/h5>\n<\/div>\n<div class=\"retention\"><\/div>\n<div class=\"function-header\">\n\t<h5>Function<\/h5>\n<\/div>\n<div class=\"function\"><\/div>\n<div class=\"name-header\">\n\t<h5>Name<\/h5>\n<\/div>\n<div class=\"name\">_ga_9Q6H0QETRF<\/div>\n<div class=\"retention-header\">\n\t<h5>Expiration<\/h5>\n<\/div>\n<div class=\"retention\"><\/div>\n<div class=\"function-header\">\n\t<h5>Function<\/h5>\n<\/div>\n<div class=\"function\"><\/div>\n<div class=\"name-header\">\n\t<h5>Name<\/h5>\n<\/div>\n<div class=\"name\">hubspotutk<\/div>\n<div class=\"retention-header\">\n\t<h5>Expiration<\/h5>\n<\/div>\n<div class=\"retention\"><\/div>\n<div class=\"function-header\">\n\t<h5>Function<\/h5>\n<\/div>\n<div class=\"function\"><\/div>\n<div class=\"name-header\">\n\t<h5>Name<\/h5>\n<\/div>\n<div class=\"name\">__stripe_mid<\/div>\n<div class=\"retention-header\">\n\t<h5>Expiration<\/h5>\n<\/div>\n<div class=\"retention\"><\/div>\n<div class=\"function-header\">\n\t<h5>Function<\/h5>\n<\/div>\n<div class=\"function\"><\/div>\n<div class=\"name-header\">\n\t<h5>Name<\/h5>\n<\/div>\n<div class=\"name\">__hstc<\/div>\n<div class=\"retention-header\">\n\t<h5>Expiration<\/h5>\n<\/div>\n<div class=\"retention\"><\/div>\n<div class=\"function-header\">\n\t<h5>Function<\/h5>\n<\/div>\n<div class=\"function\"><\/div>\n<div class=\"name-header\">\n\t<h5>Name<\/h5>\n<\/div>\n<div class=\"name\">__hssrc<\/div>\n<div class=\"retention-header\">\n\t<h5>Expiration<\/h5>\n<\/div>\n<div class=\"retention\"><\/div>\n<div class=\"function-header\">\n\t<h5>Function<\/h5>\n<\/div>\n<div class=\"function\"><\/div>\n<div class=\"name-header\">\n\t<h5>Name<\/h5>\n<\/div>\n<div class=\"name\">__hssc<\/div>\n<div class=\"retention-header\">\n\t<h5>Expiration<\/h5>\n<\/div>\n<div class=\"retention\"><\/div>\n<div class=\"function-header\">\n\t<h5>Function<\/h5>\n<\/div>\n<div class=\"function\"><\/div>\n<div class=\"name-header\">\n\t<h5>Name<\/h5>\n<\/div>\n<div class=\"name\">img_src<\/div>\n<div class=\"retention-header\">\n\t<h5>Expiration<\/h5>\n<\/div>\n<div class=\"retention\"><\/div>\n<div class=\"function-header\">\n\t<h5>Function<\/h5>\n<\/div>\n<div class=\"function\"><\/div>\n<div class=\"name-header\">\n\t<h5>Name<\/h5>\n<\/div>\n<div class=\"name\">WP_PREFERENCES_USER_4<\/div>\n<div class=\"retention-header\">\n\t<h5>Expiration<\/h5>\n<\/div>\n<div class=\"retention\"><\/div>\n<div class=\"function-header\">\n\t<h5>Function<\/h5>\n<\/div>\n<div class=\"function\"><\/div>\n<div class=\"name-header\">\n\t<h5>Name<\/h5>\n<\/div>\n<div class=\"name\">WP_DATA_USER_4<\/div>\n<div class=\"retention-header\">\n\t<h5>Expiration<\/h5>\n<\/div>\n<div class=\"retention\"><\/div>\n<div class=\"function-header\">\n\t<h5>Function<\/h5>\n<\/div>\n<div class=\"function\"><\/div>\n<div class=\"name-header\">\n\t<h5>Name<\/h5>\n<\/div>\n<div class=\"name\">intercom.intercom-state-r70azrgx<\/div>\n<div class=\"retention-header\">\n\t<h5>Expiration<\/h5>\n<\/div>\n<div class=\"retention\"><\/div>\n<div class=\"function-header\">\n\t<h5>Function<\/h5>\n<\/div>\n<div class=\"function\"><\/div>\n<div class=\"name-header\">\n\t<h5>Name<\/h5>\n<\/div>\n<div class=\"name\">pll_language<\/div>\n<div class=\"retention-header\">\n\t<h5>Expiration<\/h5>\n<\/div>\n<div class=\"retention\"><\/div>\n<div class=\"function-header\">\n\t<h5>Function<\/h5>\n<\/div>\n<div class=\"function\"><\/div>\n<div class=\"name-header\">\n\t<h5>Name<\/h5>\n<\/div>\n<div class=\"name\">intercom-id-r70azrgx<\/div>\n<div class=\"retention-header\">\n\t<h5>Expiration<\/h5>\n<\/div>\n<div class=\"retention\"><\/div>\n<div class=\"function-header\">\n\t<h5>Function<\/h5>\n<\/div>\n<div class=\"function\"><\/div>\n<div class=\"name-header\">\n\t<h5>Name<\/h5>\n<\/div>\n<div class=\"name\">intercom-device-id-r70azrgx<\/div>\n<div class=\"retention-header\">\n\t<h5>Expiration<\/h5>\n<\/div>\n<div class=\"retention\"><\/div>\n<div class=\"function-header\">\n\t<h5>Function<\/h5>\n<\/div>\n<div class=\"function\"><\/div>\n<div class=\"name-header\">\n\t<h5>Name<\/h5>\n<\/div>\n<div class=\"name\">_gcl_au<\/div>\n<div class=\"retention-header\">\n\t<h5>Expiration<\/h5>\n<\/div>\n<div class=\"retention\"><\/div>\n<div class=\"function-header\">\n\t<h5>Function<\/h5>\n<\/div>\n<div class=\"function\"><\/div>\n<div class=\"name-header\">\n\t<h5>Name<\/h5>\n<\/div>\n<div class=\"name\">_ga_D20KSXX732<\/div>\n<div class=\"retention-header\">\n\t<h5>Expiration<\/h5>\n<\/div>\n<div class=\"retention\"><\/div>\n<div class=\"function-header\">\n\t<h5>Function<\/h5>\n<\/div>\n<div class=\"function\"><\/div>\n<div class=\"name-header\">\n\t<h5>Name<\/h5>\n<\/div>\n<div class=\"name\">bid_1_password_protected_auth<\/div>\n<div class=\"retention-header\">\n\t<h5>Expiration<\/h5>\n<\/div>\n<div class=\"retention\"><\/div>\n<div class=\"function-header\">\n\t<h5>Function<\/h5>\n<\/div>\n<div class=\"function\"><\/div>\n<div class=\"name-header\">\n\t<h5>Name<\/h5>\n<\/div>\n<div class=\"name\">\/wp-admin\/admin.php-elfinder-toolbarhideswp_file_manager<\/div>\n<div class=\"retention-header\">\n\t<h5>Expiration<\/h5>\n<\/div>\n<div class=\"retention\"><\/div>\n<div class=\"function-header\">\n\t<h5>Function<\/h5>\n<\/div>\n<div class=\"function\"><\/div>\n<div class=\"name-header\">\n\t<h5>Name<\/h5>\n<\/div>\n<div class=\"name\">\/wp-admin\/admin.php-elfinder-lastdirwp_file_manager<\/div>\n<div class=\"retention-header\">\n\t<h5>Expiration<\/h5>\n<\/div>\n<div class=\"retention\"><\/div>\n<div class=\"function-header\">\n\t<h5>Function<\/h5>\n<\/div>\n<div class=\"function\"><\/div>\n<div class=\"name-header\">\n\t<h5>Name<\/h5>\n<\/div>\n<div class=\"name\">\/wp-admin\/admin.php-elfinder-sortTypewp_file_manager<\/div>\n<div class=\"retention-header\">\n\t<h5>Expiration<\/h5>\n<\/div>\n<div class=\"retention\"><\/div>\n<div class=\"function-header\">\n\t<h5>Function<\/h5>\n<\/div>\n<div class=\"function\"><\/div>\n<div class=\"name-header\">\n\t<h5>Name<\/h5>\n<\/div>\n<div class=\"name\">\/wp-admin\/admin.php-elfinder-sortStickFolderswp_file_manager<\/div>\n<div class=\"retention-header\">\n\t<h5>Expiration<\/h5>\n<\/div>\n<div class=\"retention\"><\/div>\n<div class=\"function-header\">\n\t<h5>Function<\/h5>\n<\/div>\n<div class=\"function\"><\/div>\n<div class=\"name-header\">\n\t<h5>Name<\/h5>\n<\/div>\n<div class=\"name\">e_wp<\/div>\n<div class=\"retention-header\">\n\t<h5>Expiration<\/h5>\n<\/div>\n<div class=\"retention\"><\/div>\n<div class=\"function-header\">\n\t<h5>Function<\/h5>\n<\/div>\n<div class=\"function\"><\/div>\n<div class=\"name-header\">\n\t<h5>Name<\/h5>\n<\/div>\n<div class=\"name\">\/wp-admin\/admin.php-elfinder-sortAlsoTreeviewwp_file_manager<\/div>\n<div class=\"retention-header\">\n\t<h5>Expiration<\/h5>\n<\/div>\n<div class=\"retention\"><\/div>\n<div class=\"function-header\">\n\t<h5>Function<\/h5>\n<\/div>\n<div class=\"function\"><\/div>\n<div class=\"name-header\">\n\t<h5>Name<\/h5>\n<\/div>\n<div class=\"name\">\/wp-admin\/admin.php-elfinder-sortOrderwp_file_manager<\/div>\n<div class=\"retention-header\">\n\t<h5>Expiration<\/h5>\n<\/div>\n<div class=\"retention\"><\/div>\n<div class=\"function-header\">\n\t<h5>Function<\/h5>\n<\/div>\n<div class=\"function\"><\/div>\n<div class=\"name-header\">\n\t<h5>Name<\/h5>\n<\/div>\n<div class=\"name\">loglevel<\/div>\n<div class=\"retention-header\">\n\t<h5>Expiration<\/h5>\n<\/div>\n<div class=\"retention\"><\/div>\n<div class=\"function-header\">\n\t<h5>Function<\/h5>\n<\/div>\n<div class=\"function\"><\/div>\n<div class=\"name-header\">\n\t<h5>Name<\/h5>\n<\/div>\n<div class=\"name\">_lscache_vary<\/div>\n<div class=\"retention-header\">\n\t<h5>Expiration<\/h5>\n<\/div>\n<div class=\"retention\"><\/div>\n<div class=\"function-header\">\n\t<h5>Function<\/h5>\n<\/div>\n<div class=\"function\"><\/div>\n<div class=\"name-header\">\n\t<h5>Name<\/h5>\n<\/div>\n<div class=\"name\">onboarding-setup-store<\/div>\n<div class=\"retention-header\">\n\t<h5>Expiration<\/h5>\n<\/div>\n<div class=\"retention\"><\/div>\n<div class=\"function-header\">\n\t<h5>Function<\/h5>\n<\/div>\n<div class=\"function\"><\/div>\n<div class=\"name-header\">\n\t<h5>Name<\/h5>\n<\/div>\n<div class=\"name\">settings-store<\/div>\n<div class=\"retention-header\">\n\t<h5>Expiration<\/h5>\n<\/div>\n<div class=\"retention\"><\/div>\n<div class=\"function-header\">\n\t<h5>Function<\/h5>\n<\/div>\n<div class=\"function\"><\/div>\n<div class=\"name-header\">\n\t<h5>Name<\/h5>\n<\/div>\n<div class=\"name\">_gcl_ls<\/div>\n<div class=\"retention-header\">\n\t<h5>Expiration<\/h5>\n<\/div>\n<div class=\"retention\"><\/div>\n<div class=\"function-header\">\n\t<h5>Function<\/h5>\n<\/div>\n<div class=\"function\"><\/div>\n<div class=\"name-header\">\n\t<h5>Name<\/h5>\n<\/div>\n<div class=\"name\">e_event-tracker<\/div>\n<div class=\"retention-header\">\n\t<h5>Expiration<\/h5>\n<\/div>\n<div class=\"retention\"><\/div>\n<div class=\"function-header\">\n\t<h5>Function<\/h5>\n<\/div>\n<div class=\"function\"><\/div>\n<div class=\"name-header\">\n\t<h5>Name<\/h5>\n<\/div>\n<div class=\"name\">adobeCleanFontAdded<\/div>\n<div class=\"retention-header\">\n\t<h5>Expiration<\/h5>\n<\/div>\n<div class=\"retention\"><\/div>\n<div class=\"function-header\">\n\t<h5>Function<\/h5>\n<\/div>\n<div class=\"function\"><\/div>\n<div class=\"name-header\">\n\t<h5>Name<\/h5>\n<\/div>\n<div class=\"name\">googlesitekit_1.115.0_9df59dfa84115ea6376b359a80381760_core::user::tracking<\/div>\n<div class=\"retention-header\">\n\t<h5>Expiration<\/h5>\n<\/div>\n<div class=\"retention\"><\/div>\n<div class=\"function-header\">\n\t<h5>Function<\/h5>\n<\/div>\n<div class=\"function\"><\/div>\n<div class=\"name-header\">\n\t<h5>Name<\/h5>\n<\/div>\n<div class=\"name\">snitcher_session_expires<\/div>\n<div class=\"retention-header\">\n\t<h5>Expiration<\/h5>\n<\/div>\n<div class=\"retention\"><\/div>\n<div class=\"function-header\">\n\t<h5>Function<\/h5>\n<\/div>\n<div class=\"function\"><\/div>\n<div class=\"name-header\">\n\t<h5>Name<\/h5>\n<\/div>\n<div class=\"name\">_reb2buid<\/div>\n<div class=\"retention-header\">\n\t<h5>Expiration<\/h5>\n<\/div>\n<div class=\"retention\"><\/div>\n<div class=\"function-header\">\n\t<h5>Function<\/h5>\n<\/div>\n<div class=\"function\"><\/div>\n<div class=\"name-header\">\n\t<h5>Name<\/h5>\n<\/div>\n<div class=\"name\">snitcher_session<\/div>\n<div class=\"retention-header\">\n\t<h5>Expiration<\/h5>\n<\/div>\n<div class=\"retention\"><\/div>\n<div class=\"function-header\">\n\t<h5>Function<\/h5>\n<\/div>\n<div class=\"function\"><\/div>\n<div class=\"name-header\">\n\t<h5>Name<\/h5>\n<\/div>\n<div class=\"name\">snitcher_device_id<\/div>\n<div class=\"retention-header\">\n\t<h5>Expiration<\/h5>\n<\/div>\n<div class=\"retention\"><\/div>\n<div class=\"function-header\">\n\t<h5>Function<\/h5>\n<\/div>\n<div class=\"function\"><\/div>\n<div class=\"name-header\">\n\t<h5>Name<\/h5>\n<\/div>\n<div class=\"name\">snitcher_device_id_expires<\/div>\n<div class=\"retention-header\">\n\t<h5>Expiration<\/h5>\n<\/div>\n<div class=\"retention\"><\/div>\n<div class=\"function-header\">\n\t<h5>Function<\/h5>\n<\/div>\n<div class=\"function\"><\/div>\n<div class=\"name-header\">\n\t<h5>Name<\/h5>\n<\/div>\n<div class=\"name\">radar_sn_rs<\/div>\n<div class=\"retention-header\">\n\t<h5>Expiration<\/h5>\n<\/div>\n<div class=\"retention\"><\/div>\n<div class=\"function-header\">\n\t<h5>Function<\/h5>\n<\/div>\n<div class=\"function\"><\/div>\n<div class=\"name-header\">\n\t<h5>Name<\/h5>\n<\/div>\n<div class=\"name\">radar_sn_sg<\/div>\n<div class=\"retention-header\">\n\t<h5>Expiration<\/h5>\n<\/div>\n<div class=\"retention\"><\/div>\n<div class=\"function-header\">\n\t<h5>Function<\/h5>\n<\/div>\n<div class=\"function\"><\/div>\n<div class=\"name-header\">\n\t<h5>Name<\/h5>\n<\/div>\n<div class=\"name\">radar_sn_sh<\/div>\n<div class=\"retention-header\">\n\t<h5>Expiration<\/h5>\n<\/div>\n<div class=\"retention\"><\/div>\n<div class=\"function-header\">\n\t<h5>Function<\/h5>\n<\/div>\n<div class=\"function\"><\/div>\n<div class=\"name-header\">\n\t<h5>Name<\/h5>\n<\/div>\n<div class=\"name\">radar_sn_ped<\/div>\n<div class=\"retention-header\">\n\t<h5>Expiration<\/h5>\n<\/div>\n<div class=\"retention\"><\/div>\n<div class=\"function-header\">\n\t<h5>Function<\/h5>\n<\/div>\n<div class=\"function\"><\/div>\n<div class=\"name-header\">\n\t<h5>Name<\/h5>\n<\/div>\n<div class=\"name\">radar_sn_de<\/div>\n<div class=\"retention-header\">\n\t<h5>Expiration<\/h5>\n<\/div>\n<div class=\"retention\"><\/div>\n<div class=\"function-header\">\n\t<h5>Function<\/h5>\n<\/div>\n<div class=\"function\"><\/div>\n<div class=\"name-header\">\n\t<h5>Name<\/h5>\n<\/div>\n<div class=\"name\">_reb2bgeo<\/div>\n<div class=\"retention-header\">\n\t<h5>Expiration<\/h5>\n<\/div>\n<div class=\"retention\"><\/div>\n<div class=\"function-header\">\n\t<h5>Function<\/h5>\n<\/div>\n<div class=\"function\"><\/div>\n<div class=\"name-header\">\n\t<h5>Name<\/h5>\n<\/div>\n<div class=\"name\">_reb2butk<\/div>\n<div class=\"retention-header\">\n\t<h5>Expiration<\/h5>\n<\/div>\n<div class=\"retention\"><\/div>\n<div class=\"function-header\">\n\t<h5>Function<\/h5>\n<\/div>\n<div class=\"function\"><\/div>\n\n<\/div>\n<\/details>\n<\/div><h2>7. Samtycke<\/h2><p>N\u00e4r du bes\u00f6ker v\u00e5r webbplats f\u00f6r f\u00f6rsta g\u00e5ngen kommer vi att visa dig ett popup-f\u00f6nster med en f\u00f6rklaring om cookies. S\u00e5 fort du klickar p\u00e5 \"Spara\" samtycker du till att vi anv\u00e4nder de kategorier av cookies och plugin-program som du valde i popup-f\u00f6nstret, som beskrivs i denna cookiepolicy. Du kan inaktivera anv\u00e4ndningen av cookies via din webbl\u00e4sare, men observera att v\u00e5r webbplats kanske inte l\u00e4ngre fungerar korrekt.<\/p><p class=\"cmplz-subtitle\">7.1 Hantera dina samtyckesinst\u00e4llningar<\/p><div id=\"cmplz-manage-consent-container-nojavascript\">You have loaded the Cookie Policy without javascript support.&nbsp;On AMP, you can use the manage consent button on the bottom of the page.<\/div><div id=\"cmplz-manage-consent-container\" class=\"cmplz-manage-consent-container\"><\/div><h2>8. Aktivera\/inaktivera och ta bort cookies<\/h2><p>Du kan anv\u00e4nda din webbl\u00e4sare f\u00f6r att automatiskt eller manuellt radera cookies. Du kan ocks\u00e5 ange att vissa cookies inte f\u00e5r placeras. Ett annat alternativ \u00e4r att \u00e4ndra inst\u00e4llningarna f\u00f6r din webbl\u00e4sare s\u00e5 att du f\u00e5r ett meddelande varje g\u00e5ng en cookie placeras. F\u00f6r mer information om dessa alternativ, se instruktionerna i hj\u00e4lpavsnittet i din webbl\u00e4sare.<\/p><p>Observera att v\u00e5r webbplats kanske inte fungerar korrekt om alla cookies \u00e4r inaktiverade. Om du raderar cookies i din webbl\u00e4sare kommer de att placeras igen efter ditt samtycke n\u00e4r du bes\u00f6ker v\u00e5r webbplats igen.<\/p><h2>9. Dina r\u00e4ttigheter med avseende p\u00e5 personuppgifter<\/h2><p>Du har f\u00f6ljande r\u00e4ttigheter med avseende p\u00e5 dina personuppgifter:<\/p><ul>\n                    <li>Du har r\u00e4tt att veta varf\u00f6r dina personuppgifter beh\u00f6vs, vad som kommer att h\u00e4nda med dem och hur l\u00e4nge de kommer att sparas.<\/li>\n                    <li>R\u00e4tt till tillg\u00e5ng: Du har r\u00e4tt att f\u00e5 tillg\u00e5ng till dina personuppgifter som \u00e4r k\u00e4nda f\u00f6r oss.<\/li>\n                    <li>R\u00e4tt till r\u00e4ttelse: du har r\u00e4tt att komplettera, korrigera, ha raderat eller blockerat dina personuppgifter n\u00e4r du vill.<\/li>\n                    <li>Om du ger oss ditt samtycke till att behandla dina uppgifter har du r\u00e4tt att \u00e5terkalla det samtycket och att f\u00e5 dina personuppgifter raderade.<\/li>\n                    <li>R\u00e4tt att \u00f6verf\u00f6ra dina uppgifter: du har r\u00e4tt att beg\u00e4ra alla dina personuppgifter fr\u00e5n den registeransvarige och \u00f6verf\u00f6ra den i sin helhet till en annan personuppgiftsansvarig.<\/li>\n                    <li>R\u00e4tt att inv\u00e4nda: du kan inv\u00e4nda mot behandlingen av dina uppgifter. Vi f\u00f6ljer detta, om det inte finns befogade sk\u00e4l f\u00f6r behandling.<\/li>\n                <\/ul><p>F\u00f6r att ut\u00f6va dessa r\u00e4ttigheter, v\u00e4nligen kontakta oss. Se kontaktuppgifterna l\u00e4ngst ner i denna cookiepolicy. Om du har ett klagom\u00e5l p\u00e5 hur vi hanterar dina uppgifter vill vi g\u00e4rna h\u00f6ra fr\u00e5n dig, men du har \u00e4ven r\u00e4tt att l\u00e4mna in ett klagom\u00e5l till tillsynsmyndigheten (Dataskyddsmyndigheten).<\/p><h2>10. Kontaktuppgifter<\/h2><p>F\u00f6r fr\u00e5gor och\/eller kommentarer om v\u00e5r cookiepolicy och detta uttalande, v\u00e4nligen kontakta oss genom att anv\u00e4nda f\u00f6ljande kontaktuppgifter:<\/p><p><span class=\"cmplz-contact-organisation\">Machines Like Me<\/span><br>\n                      <span class=\"cmplz-contact-address\">N\u00f6rdliche M\u00fcnchner Stra\u00dfe 9c<br \/>\r\n82031 Gr\u00fcnwald<br \/>\r\nTyskland<\/span><br>\n                      <span class=\"cmplz-contact-country\">Tyskland<\/span><br>\n                    Hemsida: <span class=\"cmplz-contact-domain\"><a href=\"https:\/\/machineslikeme.com\/sv\">https:\/\/machineslikeme.com\/sv<\/a><\/span><br>\n                    E-post: <span class=\"cmplz-contact-email\"><span class=\"cmplz-obfuscate\">moc&#046;&#101;&#107;ils&#101;nihcam&#064;&#109;c<\/span><\/span><br>\n                    <span class=\"cmplz-contact-telephone\">Telefonnummer: 176 24036382<\/span><\/p><p>Denna cookiepolicy synkroniserades med <a href=\"https:\/\/cookiedatabase.org\/\" target=\"_blank\">cookiedatabase.org<\/a> on 21\/06\/2023.<\/p><\/div>","protected":false},"excerpt":{"rendered":"","protected":false},"author":1,"featured_media":0,"parent":0,"menu_order":0,"comment_status":"closed","ping_status":"closed","template":"","meta":{"content-type":""},"_links":{"self":[{"href":"https:\/\/machineslikeme.com\/sv\/wp-json\/wp\/v2\/pages\/1240"}],"collection":[{"href":"https:\/\/machineslikeme.com\/sv\/wp-json\/wp\/v2\/pages"}],"about":[{"href":"https:\/\/machineslikeme.com\/sv\/wp-json\/wp\/v2\/types\/page"}],"author":[{"embeddable":true,"href":"https:\/\/machineslikeme.com\/sv\/wp-json\/wp\/v2\/users\/1"}],"replies":[{"embeddable":true,"href":"https:\/\/machineslikeme.com\/sv\/wp-json\/wp\/v2\/comments?post=1240"}],"version-history":[{"count":1,"href":"https:\/\/machineslikeme.com\/sv\/wp-json\/wp\/v2\/pages\/1240\/revisions"}],"predecessor-version":[{"id":1241,"href":"https:\/\/machineslikeme.com\/sv\/wp-json\/wp\/v2\/pages\/1240\/revisions\/1241"}],"wp:attachment":[{"href":"https:\/\/machineslikeme.com\/sv\/wp-json\/wp\/v2\/media?parent=1240"}],"curies":[{"name":"wp","href":"https:\/\/api.w.org\/{rel}","templated":true}]}}